{"id":4535,"date":"2020-03-08T21:41:13","date_gmt":"2020-03-08T21:41:13","guid":{"rendered":"http:\/\/qzhemn.al\/?page_id=4535"},"modified":"2020-03-24T17:20:10","modified_gmt":"2020-03-24T17:20:10","slug":"project-activities","status":"publish","type":"page","link":"https:\/\/qzhemn.al\/sq\/project-activities\/","title":{"rendered":"Aktivitetet e projekteve"},"content":{"rendered":"<p><strong><span style=\"color: #000000;\">1. Simpozium<\/span><\/strong><\/p>\n<p><strong><span style=\"color: #000000;\">2. Trajnim, dokumentar, pun\u00ebtori<\/span><\/strong><\/p>\n<p><strong><span style=\"color: #000000;\">3. Vler\u00ebsimi dhe dor\u00ebzimi i FFF-s\u00eb i planit t\u00eb pun\u00ebs<\/span><\/strong><\/p>\n<p><span style=\"color: #000000;\">Mbledhja e materialeve n\u00eb sfond. Shqyrtimi i tavolin\u00ebs<\/span><br \/>\n<span style=\"color: #000000;\">Takime me LM dhe Agjencit\u00eb p\u00ebr t\u00eb diskutuar dhe sqaruar gjetjet e ekspert\u00ebve p\u00ebr vler\u00ebsimin e FFF dhe p\u00ebr t\u00eb r\u00ebn\u00eb dakord p\u00ebr planin e pun\u00ebs \/ devijimin<\/span><br \/>\n<span style=\"color: #000000;\">P\u00ebrfundimi i draftit t\u00eb dyt\u00eb t\u00eb FFF<\/span><br \/>\n<span style=\"color: #000000;\">Dor\u00ebzimi i draftit t\u00eb dyt\u00eb tek LM \/ Agjencit\u00eb p\u00ebr shqyrtimin e tyre p\u00ebrfundimtar<\/span><br \/>\n<span style=\"color: #000000;\">P\u00ebrmir\u00ebsime \/ rishikime t\u00eb mundshme t\u00eb draftit t\u00eb dyt\u00eb<\/span><br \/>\n<span style=\"color: #000000;\">Dor\u00ebzimi i draftit t\u00eb dyt\u00eb p\u00ebr MIE<\/span><br \/>\n<span style=\"color: #000000;\">P\u00ebrmir\u00ebsime \/ rishikime t\u00eb mundshme t\u00eb draftit t\u00eb tret\u00eb bazuar n\u00eb komentet e MIE<\/span><br \/>\n<span style=\"color: #000000;\">Raporti p\u00ebrfundimtar<\/span><\/p>\n<p><strong><span style=\"color: #000000;\">5. Kryeni nj\u00eb studim dhe mbledhjen e t\u00eb dh\u00ebnave mbi iniciativat e p\u00ebrvojave t\u00eb m\u00ebparshme dhe t\u00eb vazhdueshme \/ sistemet ekzistuese t\u00eb p\u00ebrqendruara n\u00eb transportin detar t\u00eb pasagjer\u00ebve<\/span><\/strong><br \/>\n<span style=\"color: #000000;\">&#8211; Mbledhja e t\u00eb dh\u00ebnave p\u00ebr aksesin e zonave dhe l\u00ebvizjen njer\u00ebzore<\/span><br \/>\n<span style=\"color: #000000;\">&#8211; t\u00eb kryej\u00eb vler\u00ebsimin e gjetjeve p\u00ebr tem\u00ebn specifike, aktor\u00ebt dhe pal\u00ebt e interesuara t\u00eb p\u00ebrfshira, platformat ekzistuese p\u00ebr p\u00ebrmir\u00ebsimin e aksesit dhe transportin multimodal<\/span><br \/>\n<span style=\"color: #000000;\">-P\u00ebrcaktimi i nj\u00eb mjeti t\u00eb p\u00ebrbashk\u00ebt t\u00eb menaxhimit t\u00eb njohurive; do t\u00eb krijohet dhe zhvillohet nj\u00eb baz\u00eb e dh\u00ebnash e ve\u00e7ant\u00eb p\u00ebr t\u00eb ruajtur dhe organizuar p\u00ebrmbajtjen dhe informacionet e tjera t\u00eb r\u00ebnd\u00ebsishme q\u00eb lidhen me p\u00ebrvojat e identifikuara t\u00eb m\u00ebparshme dhe ato t\u00eb vazhdueshme.<\/span><br \/>\n<span style=\"color: #000000;\">-P\u00ebrpilimi i planeve lokale t\u00eb q\u00ebndrueshm\u00ebris\u00eb; dhe jep sugjerime p\u00ebr hartimin e udh\u00ebzimeve p\u00ebr zhvillimin e planeve t\u00eb q\u00ebndrueshm\u00ebris\u00eb p\u00ebr t\u00eb gjith\u00eb projektin<\/span><br \/>\n<span style=\"color: #000000;\">&#8211; Hartimi i hart\u00ebs rrugore dhe planit t\u00eb veprimit t\u00eb prioriteteve \/ nd\u00ebrhyrjeve t\u00eb identifikuara, si dokument strategjik p\u00ebr nj\u00eb transport t\u00eb q\u00ebndruesh\u00ebm t\u00eb udh\u00ebtar\u00ebve<\/span><br \/>\n<span style=\"color: #000000;\">-Hartimi \/ miratimi i marr\u00ebveshjeve p\u00ebr CB (p\u00ebrshkruhet pas p\u00ebrcaktimit t\u00eb hart\u00ebs rrugore nd\u00ebrkufitare \/ Planit t\u00eb veprimit p\u00ebr t\u00eb gjith\u00eb projektin) p\u00ebr optimizimin dhe q\u00ebndrueshm\u00ebrin\u00eb e transportit t\u00eb pasagjer\u00ebve dhe hap rrug\u00ebn p\u00ebr investime t\u00eb m\u00ebtejshme<\/span><\/p>\n<p>&nbsp;<\/p>\n<p><strong><span style=\"color: #000000;\">6. Hartat rrugore dhe planet e veprimit t\u00eb prioriteteve \/ nd\u00ebrhyrjeve t\u00eb identifikuara me nevoja t\u00eb investimeve p\u00ebr transport pasagjer\u00ebsh. M\u00ebnyra IPA Adriatik CBC \/ EA-SEA<\/span><\/strong><\/p>\n<p>&nbsp;<\/p>\n<p><strong><span style=\"color: #000000;\">7. Hartimi dhe Miratimi i marr\u00ebveshjeve nd\u00ebrkufitare p\u00ebr optimizimin dhe q\u00ebndrueshm\u00ebrin\u00eb e transportit t\u00eb udh\u00ebtar\u00ebve: IPA Adriatic CBC \/ EA-SEA Way<\/span><\/strong><\/p>\n<p><strong><span style=\"color: #000000;\">8. Ekspertiz\u00eb e jashtme n\u00eb Monitorimin e Menaxhimit t\u00eb Projektit p\u00ebr projektin AdriHealthMob.Durres, Shqip\u00ebri. IPA Adriatic CBC \/ AdriHealthMob \/ 1 \u00b0 STR \/ 009.<\/span><\/strong><\/p>\n<p><span style=\"color: #000000;\"><strong>9. Qendra p\u00ebr Zhvillim Ekonomik dhe Marr\u00ebdh\u00ebnie Nd\u00ebrkomb\u00ebtare ka qen\u00eb partner p\u00ebrgjegj\u00ebs p\u00ebr t\u00eb gjitha aktivitetet e parashikuara n\u00eb projekt.<\/strong> Q\u00ebllimi kryesor i projektit \u00ebsht\u00eb promovimi i potencialit t\u00eb Rajonit Mati p\u00ebr zhvillimin e produktit t\u00eb q\u00ebndruesh\u00ebm t\u00eb turizmit bazuar n\u00eb pasurit\u00eb natyrore dhe kulturore t\u00eb udh\u00ebhequr nga parimi i minimizimit t\u00eb ndikimit mjedisor dhe zhvillimit t\u00eb komunitetit. Aksionet e zbatuara: 1. Analiz\u00eb e vazhdueshme e potencialit ekzistues t\u00eb zon\u00ebs p\u00ebr zhvillimin e turizmit t\u00eb q\u00ebndruesh\u00ebm dhe t\u00eb p\u00ebrgjegjsh\u00ebm; 2.Organizimi i nj\u00eb tryeze t\u00eb rrumbullak\u00ebt me pal\u00ebt e interesuara t\u00eb zon\u00ebs p\u00ebr t\u00eb rritur nd\u00ebrgjegj\u00ebsimin p\u00ebr mbrojtjen e mjedisit dhe zhvillimin e q\u00ebndruesh\u00ebm t\u00eb turizmit; 3. Hartimi i nj\u00eb plani veprimi p\u00ebr mbrojtjen e mjedisit dhe promovimin e nismave t\u00eb q\u00ebndrueshme t\u00eb turizmit q\u00eb sjellin p\u00ebrfitime ekonomike p\u00ebr rajonin; 4. P\u00ebrgatitja e nj\u00eb udh\u00ebzuesi p\u00ebr t\u00ebrheqjet mjedisore dhe nj\u00eb itinerari tematik i rajonit Mat q\u00eb promovon fokusin mjedisor, bio-habitatin, traditat dhe monumentet natyrore; 5. Organizimi i nj\u00eb pun\u00ebtorie informuese dhe edukative mbi turizmin tematik mjedisor.<\/span><\/p>\n<p>&nbsp;<\/p>\n<p><span style=\"color: #000000;\"><strong>10. OJQ-ja ka mb\u00ebshtetur Autoritetin Kontraktues n\u00eb arritjen e objektivave dhe rezultateve n\u00eb koh\u00ebn e duhur<\/strong> dhe t\u00eb suksesshme, sipas programit t\u00eb k\u00ebrkuar n\u00ebn WP 7 t\u00eb projektit SPEEDY dhe kandidati duhet t\u00eb:<\/span><br \/>\n<span style=\"color: #000000;\">\u2022 Siguroj\u00eb k\u00ebshilla teknike dhe mb\u00ebshtetje t\u00eb politikave p\u00ebr zbatimin e nj\u00eb ligji n\u00eb p\u00ebrputhje me BE-n\u00eb p\u00ebr mjedisin<\/span><br \/>\n<span style=\"color: #000000;\">\u2022 P\u00ebrgatitja e sugjerimeve operative p\u00ebr gjetjet e proceseve dhe procedurave p\u00ebr t\u00eb mb\u00ebshtetur politik\u00ebb\u00ebr\u00ebsit n\u00eb zhvillimin e &#8220;Raportit t\u00eb Shqyrtimit&#8221;, &#8220;Raportit t\u00eb Shfryt\u00ebzimit&#8221; dhe &#8220;Mjedisi&#8221;;<\/span><br \/>\n<span style=\"color: #000000;\">\u2022 P\u00ebrcaktimi i udh\u00ebzuesve operacional dhe v\u00ebrtetimi i tyre n\u00eb lidhje me azhurnimet dhe p\u00ebrmir\u00ebsimet e mundshme t\u00eb Direktiv\u00ebs Evropiane<\/span><br \/>\n<span style=\"color: #000000;\">\u2022 P\u00ebrgatitja e dokumentacionit dhe prezantimi i raporteve t\u00eb p\u00ebrparimit n\u00eb grupet e synuara;<\/span><br \/>\n<span style=\"color: #000000;\">\u2022 Organizimi i sesionit trajnues p\u00ebr temat e VSM p\u00ebr p\u00ebrdoruesit dhe konsulent\u00ebt e tjer\u00eb t\u00eb Platform\u00ebs s\u00eb Aksioneve p\u00ebr VSM n\u00ebse \u00ebsht\u00eb e nevojshme.<\/span><\/p>\n<p><strong><span style=\"color: #000000;\">11. Vler\u00ebsimi i detajuar i efekteve mjedisore q\u00eb priten nga zbatimi i planit vendor dhe zbutjes. Plani i veprimit t\u00eb nd\u00ebrgjegj\u00ebsimit publik.<\/span><\/strong><br \/>\n<span style=\"color: #000000;\">Detyra p\u00ebrfshiu kontributet e m\u00ebposhtme: a) hulumtimin dhe analizimin e informatave p\u00ebr njoftime dhe raportimin flash n\u00eb baz\u00eb ad hoc; b) hartimi i raporteve mujore p\u00ebr qeverisjen vendore, reform\u00ebn administrative territoriale dhe \u00e7\u00ebshtjet q\u00eb lidhen me planifikimin urban, c) japin kontribut p\u00ebr p\u00ebrgatitjen e mbledhjes s\u00eb Grupit t\u00eb Posa\u00e7\u00ebm p\u00ebr \u00e7\u00ebshtje t\u00eb qeverisjes vendore dhe sa i p\u00ebrket seminarit t\u00eb planifikuar p\u00ebr qeverin\u00eb lokale dhe planifikimin urban n\u00eb fillim t\u00eb vitit 2014. Jepni kontributin p\u00ebr hartimin e Raportit t\u00eb Progresit t\u00eb BE 2014 p\u00ebr Shqip\u00ebrin\u00eb n\u00eb fushat p\u00ebrkat\u00ebse.<\/span><\/p>\n<p><span style=\"color: #000000;\"><strong>12. OJQ-ja u n\u00ebnkontraktua nga Bashkia Durr\u00ebs (Partner Udh\u00ebheq\u00ebs i Projektit Shqiptar) p\u00ebr t\u00eb zbatuar WP2 (Komunikim dhe Shp\u00ebrndarje)<\/strong>. <\/span><\/p>\n<p><span style=\"color: #000000;\">Aktivitetet e zbatuara: <\/span><\/p>\n<p><span style=\"color: #000000;\">1. Zbatimi i Strategjis\u00eb s\u00eb Komunikimit; <\/span><\/p>\n<p><span style=\"color: #000000;\">2. Organizimi i tre seminareve; <\/span><\/p>\n<p><span style=\"color: #000000;\">3. Organizimi i nj\u00eb konference p\u00ebr shtyp.<\/span><\/p>\n<p><strong><span style=\"color: #000000;\">13. T\u00eb mb\u00ebshtes\u00eb Bashkin\u00eb Fier n\u00eb procesin e menaxhimit p\u00ebr zbatimin e aktiviteteve n\u00eb lidhje me projektin ADRIAWEALTH.<\/span><\/strong><br \/>\n<span style=\"color: #000000;\">\u2022 T\u00eb kontribuoj\u00eb n\u00eb zbatimin e suksessh\u00ebm t\u00eb projektit brenda afatit kohor;<\/span><br \/>\n<span style=\"color: #000000;\">\u2022 P\u00ebr t\u00eb siguruar k\u00ebrkesat e PRAG n\u00eb dh\u00ebnien e procedurave p\u00ebr zbatimin e projektit;<\/span><br \/>\n<span style=\"color: #000000;\">\u2022 P\u00ebr t\u00eb siguruar legalitetin, transparenc\u00ebn dhe publicitetin e aktiviteteve t\u00eb projektit.<\/span><\/p>\n<p><strong><span style=\"color: #000000;\">14. Ekspertiz\u00eb dhe sh\u00ebrbime t\u00eb jashtme p\u00ebr mb\u00ebshtetjen e kryeministrit<\/span><\/strong><\/p>\n<p><span style=\"color: #000000;\">Ekspertiz\u00eb dhe sh\u00ebrbime t\u00eb jashtme p\u00ebr krijimin e statutit t\u00eb sh\u00ebrbimeve<\/span><\/p>\n<p><span style=\"color: #000000;\">Mb\u00ebshtetje e jashtme e ekspert\u00ebve p\u00ebr hartimin dhe p\u00ebrmbajtjen e planit t\u00eb komunikimit;<\/span><br \/>\n<span style=\"color: #000000;\">Ekspertiz\u00eb dhe sh\u00ebrbime t\u00eb jashtme p\u00ebr krijimin dhe shk\u00ebmbimin e broshur\u00ebs dixhitale t\u00eb praktikave m\u00eb t\u00eb mira;<\/span><br \/>\n<span style=\"color: #000000;\">Ekspertiz\u00eb dhe sh\u00ebrbime t\u00eb jashtme p\u00ebr krijimin dhe zbatimin e platform\u00ebs s\u00eb projektit;<\/span><br \/>\n<span style=\"color: #000000;\">Ekspertiz\u00eb dhe sh\u00ebrbime t\u00eb jashtme p\u00ebr krijimin dhe shk\u00ebmbimin e formatit t\u00eb laboratorit dixhital p\u00ebr nd\u00ebrtimin e kapaciteteve<\/span><\/p>\n","protected":false},"excerpt":{"rendered":"<p>1. Simpozium 2. Trajnim, dokumentar, pun\u00ebtori 3. Vler\u00ebsimi dhe dor\u00ebzimi i FFF-s\u00eb i planit t\u00eb pun\u00ebs Mbledhja e materialeve n\u00eb sfond. Shqyrtimi i tavolin\u00ebs Takime me LM dhe Agjencit\u00eb p\u00ebr t\u00eb diskutuar dhe sqaruar gjetjet e ekspert\u00ebve p\u00ebr vler\u00ebsimin e FFF dhe p\u00ebr t\u00eb r\u00ebn\u00eb dakord p\u00ebr planin e pun\u00ebs \/ devijimin P\u00ebrfundimi i draftit t\u00eb dyt\u00eb t\u00eb FFF Dor\u00ebzimi i draftit t\u00eb dyt\u00eb tek LM \/ Agjencit\u00eb p\u00ebr shqyrtimin e tyre p\u00ebrfundimtar P\u00ebrmir\u00ebsime \/ rishikime t\u00eb mundshme t\u00eb draftit t\u00eb dyt\u00eb Dor\u00ebzimi i [&hellip;]<\/p>\n","protected":false},"author":1,"featured_media":0,"parent":0,"menu_order":0,"comment_status":"closed","ping_status":"closed","template":"","meta":{"footnotes":""},"yoast_head":"<!-- This site is optimized with the Yoast SEO plugin v17.9 - https:\/\/yoast.com\/wordpress\/plugins\/seo\/ -->\n<title>Aktivitetet e projekteve - QZHEMN<\/title>\n<meta name=\"robots\" content=\"index, follow, max-snippet:-1, max-image-preview:large, max-video-preview:-1\" \/>\n<link rel=\"canonical\" href=\"https:\/\/qzhemn.al\/project-activities\/\" \/>\n<meta property=\"og:locale\" content=\"sq_AL\" \/>\n<meta property=\"og:type\" content=\"article\" \/>\n<meta property=\"og:title\" content=\"Aktivitetet e projekteve - QZHEMN\" \/>\n<meta property=\"og:description\" content=\"1. Simpozium 2. Trajnim, dokumentar, pun\u00ebtori 3. Vler\u00ebsimi dhe dor\u00ebzimi i FFF-s\u00eb i planit t\u00eb pun\u00ebs Mbledhja e materialeve n\u00eb sfond. Shqyrtimi i tavolin\u00ebs Takime me LM dhe Agjencit\u00eb p\u00ebr t\u00eb diskutuar dhe sqaruar gjetjet e ekspert\u00ebve p\u00ebr vler\u00ebsimin e FFF dhe p\u00ebr t\u00eb r\u00ebn\u00eb dakord p\u00ebr planin e pun\u00ebs \/ devijimin P\u00ebrfundimi i draftit t\u00eb dyt\u00eb t\u00eb FFF Dor\u00ebzimi i draftit t\u00eb dyt\u00eb tek LM \/ Agjencit\u00eb p\u00ebr shqyrtimin e tyre p\u00ebrfundimtar P\u00ebrmir\u00ebsime \/ rishikime t\u00eb mundshme t\u00eb draftit t\u00eb dyt\u00eb Dor\u00ebzimi i [&hellip;]\" \/>\n<meta property=\"og:url\" content=\"https:\/\/qzhemn.al\/project-activities\/\" \/>\n<meta property=\"og:site_name\" content=\"QZHEMN\" \/>\n<meta property=\"article:modified_time\" content=\"2020-03-24T17:20:10+00:00\" \/>\n<meta name=\"twitter:card\" content=\"summary_large_image\" \/>\n<meta name=\"twitter:label1\" content=\"Est. reading time\" \/>\n\t<meta name=\"twitter:data1\" content=\"6 minuta\" \/>\n<script type=\"application\/ld+json\" class=\"yoast-schema-graph\">{\"@context\":\"https:\/\/schema.org\",\"@graph\":[{\"@type\":\"WebSite\",\"@id\":\"https:\/\/qzhemn.al\/#website\",\"url\":\"https:\/\/qzhemn.al\/\",\"name\":\"QZHEMN\",\"description\":\"Center for Economic Development &amp; International Relations\",\"potentialAction\":[{\"@type\":\"SearchAction\",\"target\":{\"@type\":\"EntryPoint\",\"urlTemplate\":\"https:\/\/qzhemn.al\/?s={search_term_string}\"},\"query-input\":\"required name=search_term_string\"}],\"inLanguage\":\"sq\"},{\"@type\":\"WebPage\",\"@id\":\"https:\/\/qzhemn.al\/project-activities\/#webpage\",\"url\":\"https:\/\/qzhemn.al\/project-activities\/\",\"name\":\"Aktivitetet e projekteve - QZHEMN\",\"isPartOf\":{\"@id\":\"https:\/\/qzhemn.al\/#website\"},\"datePublished\":\"2020-03-08T21:41:13+00:00\",\"dateModified\":\"2020-03-24T17:20:10+00:00\",\"breadcrumb\":{\"@id\":\"https:\/\/qzhemn.al\/project-activities\/#breadcrumb\"},\"inLanguage\":\"sq\",\"potentialAction\":[{\"@type\":\"ReadAction\",\"target\":[\"https:\/\/qzhemn.al\/project-activities\/\"]}]},{\"@type\":\"BreadcrumbList\",\"@id\":\"https:\/\/qzhemn.al\/project-activities\/#breadcrumb\",\"itemListElement\":[{\"@type\":\"ListItem\",\"position\":1,\"name\":\"Home\",\"item\":\"https:\/\/qzhemn.al\/\"},{\"@type\":\"ListItem\",\"position\":2,\"name\":\"Project Activities\"}]}]}<\/script>\n<!-- \/ Yoast SEO plugin. -->","yoast_head_json":{"title":"Aktivitetet e projekteve - QZHEMN","robots":{"index":"index","follow":"follow","max-snippet":"max-snippet:-1","max-image-preview":"max-image-preview:large","max-video-preview":"max-video-preview:-1"},"canonical":"https:\/\/qzhemn.al\/project-activities\/","og_locale":"sq_AL","og_type":"article","og_title":"Aktivitetet e projekteve - QZHEMN","og_description":"1. Simpozium 2. Trajnim, dokumentar, pun\u00ebtori 3. Vler\u00ebsimi dhe dor\u00ebzimi i FFF-s\u00eb i planit t\u00eb pun\u00ebs Mbledhja e materialeve n\u00eb sfond. Shqyrtimi i tavolin\u00ebs Takime me LM dhe Agjencit\u00eb p\u00ebr t\u00eb diskutuar dhe sqaruar gjetjet e ekspert\u00ebve p\u00ebr vler\u00ebsimin e FFF dhe p\u00ebr t\u00eb r\u00ebn\u00eb dakord p\u00ebr planin e pun\u00ebs \/ devijimin P\u00ebrfundimi i draftit t\u00eb dyt\u00eb t\u00eb FFF Dor\u00ebzimi i draftit t\u00eb dyt\u00eb tek LM \/ Agjencit\u00eb p\u00ebr shqyrtimin e tyre p\u00ebrfundimtar P\u00ebrmir\u00ebsime \/ rishikime t\u00eb mundshme t\u00eb draftit t\u00eb dyt\u00eb Dor\u00ebzimi i [&hellip;]","og_url":"https:\/\/qzhemn.al\/project-activities\/","og_site_name":"QZHEMN","article_modified_time":"2020-03-24T17:20:10+00:00","twitter_card":"summary_large_image","twitter_misc":{"Est. reading time":"6 minuta"},"schema":{"@context":"https:\/\/schema.org","@graph":[{"@type":"WebSite","@id":"https:\/\/qzhemn.al\/#website","url":"https:\/\/qzhemn.al\/","name":"QZHEMN","description":"Center for Economic Development &amp; International Relations","potentialAction":[{"@type":"SearchAction","target":{"@type":"EntryPoint","urlTemplate":"https:\/\/qzhemn.al\/?s={search_term_string}"},"query-input":"required name=search_term_string"}],"inLanguage":"sq"},{"@type":"WebPage","@id":"https:\/\/qzhemn.al\/project-activities\/#webpage","url":"https:\/\/qzhemn.al\/project-activities\/","name":"Aktivitetet e projekteve - QZHEMN","isPartOf":{"@id":"https:\/\/qzhemn.al\/#website"},"datePublished":"2020-03-08T21:41:13+00:00","dateModified":"2020-03-24T17:20:10+00:00","breadcrumb":{"@id":"https:\/\/qzhemn.al\/project-activities\/#breadcrumb"},"inLanguage":"sq","potentialAction":[{"@type":"ReadAction","target":["https:\/\/qzhemn.al\/project-activities\/"]}]},{"@type":"BreadcrumbList","@id":"https:\/\/qzhemn.al\/project-activities\/#breadcrumb","itemListElement":[{"@type":"ListItem","position":1,"name":"Home","item":"https:\/\/qzhemn.al\/"},{"@type":"ListItem","position":2,"name":"Project Activities"}]}]}},"_links":{"self":[{"href":"https:\/\/qzhemn.al\/sq\/wp-json\/wp\/v2\/pages\/4535"}],"collection":[{"href":"https:\/\/qzhemn.al\/sq\/wp-json\/wp\/v2\/pages"}],"about":[{"href":"https:\/\/qzhemn.al\/sq\/wp-json\/wp\/v2\/types\/page"}],"author":[{"embeddable":true,"href":"https:\/\/qzhemn.al\/sq\/wp-json\/wp\/v2\/users\/1"}],"replies":[{"embeddable":true,"href":"https:\/\/qzhemn.al\/sq\/wp-json\/wp\/v2\/comments?post=4535"}],"version-history":[{"count":4,"href":"https:\/\/qzhemn.al\/sq\/wp-json\/wp\/v2\/pages\/4535\/revisions"}],"predecessor-version":[{"id":4591,"href":"https:\/\/qzhemn.al\/sq\/wp-json\/wp\/v2\/pages\/4535\/revisions\/4591"}],"wp:attachment":[{"href":"https:\/\/qzhemn.al\/sq\/wp-json\/wp\/v2\/media?parent=4535"}],"curies":[{"name":"wp","href":"https:\/\/api.w.org\/{rel}","templated":true}]}}