{"id":4530,"date":"2020-03-08T21:29:55","date_gmt":"2020-03-08T21:29:55","guid":{"rendered":"http:\/\/qzhemn.al\/?page_id=4530"},"modified":"2020-03-24T17:13:58","modified_gmt":"2020-03-24T17:13:58","slug":"closed","status":"publish","type":"page","link":"https:\/\/qzhemn.al\/sq\/closed\/","title":{"rendered":"T\u00eb mbyllur"},"content":{"rendered":"<table class=\" alignleft\">\n<tbody>\n<tr>\n<td>\n<h4><strong>Nr<\/strong>.<\/h4>\n<\/td>\n<td>\n<h4><strong>Projekti<\/strong><\/h4>\n<\/td>\n<\/tr>\n<tr>\n<td>1<\/td>\n<td><strong>Simpozium &#8220;Domosdoshm\u00ebria e dialogut nd\u00ebrfetar dhe nd\u00ebrkulturor p\u00ebr paqen bot\u00ebrore&#8221;<\/strong><\/td>\n<\/tr>\n<tr>\n<td>2<\/td>\n<td><strong>Integrimi i komunitetit Rom si nj\u00eb tregues i nj\u00eb shoq\u00ebrie demokratike<\/strong><\/td>\n<\/tr>\n<tr>\n<td>3<\/td>\n<td><strong>Pjes\u00ebmarrja n\u00eb grupin e pun\u00ebs n\u00eb hartimin dhe p\u00ebrfundimin e fakteve t\u00eb gjetjes s\u00eb vet\u00ebvler\u00ebsimit t\u00eb qeveris\u00eb n\u00eb sektorin e mjedisit p\u00ebr ndryshimin e klim\u00ebs, brenda periudh\u00ebs s\u00eb re programuese IPA II (2014-2020) <\/strong><\/td>\n<\/tr>\n<tr>\n<td>4<\/td>\n<td><strong>Pjes\u00ebmarrja n\u00eb grupin e pun\u00ebs n\u00eb hartimin dhe p\u00ebrfundimin e fakteve t\u00eb gjetjes s\u00eb vet\u00ebvler\u00ebsimit t\u00eb qeveris\u00eb n\u00eb sektorin e transportit, brenda periudh\u00ebs s\u00eb re programuese IPA II (2014-2020) <\/strong><\/td>\n<\/tr>\n<tr>\n<td>5<\/td>\n<td><strong>Analizimi i praktikave t\u00eb mira midis nismave evropiane q\u00eb merren me modele t\u00eb q\u00ebndrueshme t\u00eb transportit t\u00eb pasagjer\u00ebve<\/strong><\/td>\n<\/tr>\n<tr>\n<td>6<\/td>\n<td><strong>Zhvillimi i modeleve t\u00eb q\u00ebndruesh\u00ebm t\u00eb transportit t\u00eb udh\u00ebtar\u00ebve p\u00ebr pellgun e Adriatikut<\/strong><\/td>\n<\/tr>\n<tr>\n<td>7<\/td>\n<td><strong>Ekspertiz\u00eb e jashtme n\u00eb Menaxhimin dhe Monitorimin e Projektit brenda IPA Adriatic CBC 2007-2013, Projekti &#8220;AdriaHealthMob&#8221;, 1 rr .\/0009\/26. P\u00ebrfituesi Final Spitali Rajonal Durr\u00ebs<\/strong><\/td>\n<\/tr>\n<tr>\n<td>8<\/td>\n<td><strong>Ekspertiz\u00eb e jashtme p\u00ebr &#8220;Temat e mjedisit, p\u00ebrafrimi dhe transpozimi i acquis t\u00eb BE n\u00eb p\u00ebrpjekjet e CC \/ CCP p\u00ebr t\u00eb p\u00ebrafruar legjislacionin dhe politikat e tyre me Standardet Evropiane n\u00eb kuad\u00ebr t\u00eb Direktiv\u00ebs s\u00eb Vler\u00ebsimit Strategjik t\u00eb Mjedisit (VSM)&#8221;. IPA Adriatik CBC \/ SPEEDY \/ 2 \u00b0 rend. \/ 0226\/5<\/strong><\/td>\n<\/tr>\n<tr>\n<td>9<\/td>\n<td><strong>Vler\u00ebsimi Strategjik i Mjedisit brenda Planit t\u00eb Zhvillimit Lokal Bashkia Kor\u00e7\u00eb<\/strong><\/td>\n<\/tr>\n<tr>\n<td>10<\/td>\n<td><strong>Projekt grumbullimi dhe kapitalizimi p\u00ebr turizmin e q\u00ebndruesh\u00ebm n\u00eb zon\u00ebn e AdriatikutKrokoni: AdriaWealth 10 TCE \/ 024<\/strong><\/td>\n<\/tr>\n<tr>\n<td>11<\/td>\n<td><strong>Festivali i N\u00ebntorit Fier <\/strong><\/td>\n<\/tr>\n<tr>\n<td>12<\/td>\n<td><strong>Festivali i Artit Colony<\/strong><\/td>\n<\/tr>\n<tr>\n<td>13<\/td>\n<td><strong>Ekspertiz\u00eb e jashtme p\u00ebr t\u00eb mb\u00ebshtetur Agjencin\u00eb Komb\u00ebtare t\u00eb Turizmit n\u00eb zbatimin e Projektit INNOTORSCLUST<\/strong><\/td>\n<\/tr>\n<\/tbody>\n<\/table>\n","protected":false},"excerpt":{"rendered":"<p>Nr. Projekti 1 Simpozium &#8220;Domosdoshm\u00ebria e dialogut nd\u00ebrfetar dhe nd\u00ebrkulturor p\u00ebr paqen bot\u00ebrore&#8221; 2 Integrimi i komunitetit Rom si nj\u00eb tregues i nj\u00eb shoq\u00ebrie demokratike 3 Pjes\u00ebmarrja n\u00eb grupin e pun\u00ebs n\u00eb hartimin dhe p\u00ebrfundimin e fakteve t\u00eb gjetjes s\u00eb vet\u00ebvler\u00ebsimit t\u00eb qeveris\u00eb n\u00eb sektorin e mjedisit p\u00ebr ndryshimin e klim\u00ebs, brenda periudh\u00ebs s\u00eb re programuese IPA II (2014-2020) 4 Pjes\u00ebmarrja n\u00eb grupin e pun\u00ebs n\u00eb hartimin dhe p\u00ebrfundimin e fakteve t\u00eb gjetjes s\u00eb vet\u00ebvler\u00ebsimit t\u00eb qeveris\u00eb n\u00eb sektorin e transportit, brenda periudh\u00ebs s\u00eb [&hellip;]<\/p>\n","protected":false},"author":1,"featured_media":0,"parent":0,"menu_order":0,"comment_status":"closed","ping_status":"closed","template":"","meta":{"footnotes":""},"yoast_head":"<!-- This site is optimized with the Yoast SEO plugin v17.9 - https:\/\/yoast.com\/wordpress\/plugins\/seo\/ -->\n<title>T\u00eb mbyllur - QZHEMN<\/title>\n<meta name=\"robots\" content=\"index, follow, max-snippet:-1, max-image-preview:large, max-video-preview:-1\" \/>\n<link rel=\"canonical\" href=\"https:\/\/qzhemn.al\/closed\/\" \/>\n<meta property=\"og:locale\" content=\"sq_AL\" \/>\n<meta property=\"og:type\" content=\"article\" \/>\n<meta property=\"og:title\" content=\"T\u00eb mbyllur - QZHEMN\" \/>\n<meta property=\"og:description\" content=\"Nr. Projekti 1 Simpozium &#8220;Domosdoshm\u00ebria e dialogut nd\u00ebrfetar dhe nd\u00ebrkulturor p\u00ebr paqen bot\u00ebrore&#8221; 2 Integrimi i komunitetit Rom si nj\u00eb tregues i nj\u00eb shoq\u00ebrie demokratike 3 Pjes\u00ebmarrja n\u00eb grupin e pun\u00ebs n\u00eb hartimin dhe p\u00ebrfundimin e fakteve t\u00eb gjetjes s\u00eb vet\u00ebvler\u00ebsimit t\u00eb qeveris\u00eb n\u00eb sektorin e mjedisit p\u00ebr ndryshimin e klim\u00ebs, brenda periudh\u00ebs s\u00eb re programuese IPA II (2014-2020) 4 Pjes\u00ebmarrja n\u00eb grupin e pun\u00ebs n\u00eb hartimin dhe p\u00ebrfundimin e fakteve t\u00eb gjetjes s\u00eb vet\u00ebvler\u00ebsimit t\u00eb qeveris\u00eb n\u00eb sektorin e transportit, brenda periudh\u00ebs s\u00eb [&hellip;]\" \/>\n<meta property=\"og:url\" content=\"https:\/\/qzhemn.al\/closed\/\" \/>\n<meta property=\"og:site_name\" content=\"QZHEMN\" \/>\n<meta property=\"article:modified_time\" content=\"2020-03-24T17:13:58+00:00\" \/>\n<meta name=\"twitter:card\" content=\"summary_large_image\" \/>\n<meta name=\"twitter:label1\" content=\"Est. reading time\" \/>\n\t<meta name=\"twitter:data1\" content=\"1 minut\u00eb\" \/>\n<script type=\"application\/ld+json\" class=\"yoast-schema-graph\">{\"@context\":\"https:\/\/schema.org\",\"@graph\":[{\"@type\":\"WebSite\",\"@id\":\"https:\/\/qzhemn.al\/#website\",\"url\":\"https:\/\/qzhemn.al\/\",\"name\":\"QZHEMN\",\"description\":\"Center for Economic Development &amp; International Relations\",\"potentialAction\":[{\"@type\":\"SearchAction\",\"target\":{\"@type\":\"EntryPoint\",\"urlTemplate\":\"https:\/\/qzhemn.al\/?s={search_term_string}\"},\"query-input\":\"required name=search_term_string\"}],\"inLanguage\":\"sq\"},{\"@type\":\"WebPage\",\"@id\":\"https:\/\/qzhemn.al\/closed\/#webpage\",\"url\":\"https:\/\/qzhemn.al\/closed\/\",\"name\":\"T\\u00eb mbyllur - QZHEMN\",\"isPartOf\":{\"@id\":\"https:\/\/qzhemn.al\/#website\"},\"datePublished\":\"2020-03-08T21:29:55+00:00\",\"dateModified\":\"2020-03-24T17:13:58+00:00\",\"breadcrumb\":{\"@id\":\"https:\/\/qzhemn.al\/closed\/#breadcrumb\"},\"inLanguage\":\"sq\",\"potentialAction\":[{\"@type\":\"ReadAction\",\"target\":[\"https:\/\/qzhemn.al\/closed\/\"]}]},{\"@type\":\"BreadcrumbList\",\"@id\":\"https:\/\/qzhemn.al\/closed\/#breadcrumb\",\"itemListElement\":[{\"@type\":\"ListItem\",\"position\":1,\"name\":\"Home\",\"item\":\"https:\/\/qzhemn.al\/\"},{\"@type\":\"ListItem\",\"position\":2,\"name\":\"Closed\"}]}]}<\/script>\n<!-- \/ Yoast SEO plugin. -->","yoast_head_json":{"title":"T\u00eb mbyllur - QZHEMN","robots":{"index":"index","follow":"follow","max-snippet":"max-snippet:-1","max-image-preview":"max-image-preview:large","max-video-preview":"max-video-preview:-1"},"canonical":"https:\/\/qzhemn.al\/closed\/","og_locale":"sq_AL","og_type":"article","og_title":"T\u00eb mbyllur - QZHEMN","og_description":"Nr. Projekti 1 Simpozium &#8220;Domosdoshm\u00ebria e dialogut nd\u00ebrfetar dhe nd\u00ebrkulturor p\u00ebr paqen bot\u00ebrore&#8221; 2 Integrimi i komunitetit Rom si nj\u00eb tregues i nj\u00eb shoq\u00ebrie demokratike 3 Pjes\u00ebmarrja n\u00eb grupin e pun\u00ebs n\u00eb hartimin dhe p\u00ebrfundimin e fakteve t\u00eb gjetjes s\u00eb vet\u00ebvler\u00ebsimit t\u00eb qeveris\u00eb n\u00eb sektorin e mjedisit p\u00ebr ndryshimin e klim\u00ebs, brenda periudh\u00ebs s\u00eb re programuese IPA II (2014-2020) 4 Pjes\u00ebmarrja n\u00eb grupin e pun\u00ebs n\u00eb hartimin dhe p\u00ebrfundimin e fakteve t\u00eb gjetjes s\u00eb vet\u00ebvler\u00ebsimit t\u00eb qeveris\u00eb n\u00eb sektorin e transportit, brenda periudh\u00ebs s\u00eb [&hellip;]","og_url":"https:\/\/qzhemn.al\/closed\/","og_site_name":"QZHEMN","article_modified_time":"2020-03-24T17:13:58+00:00","twitter_card":"summary_large_image","twitter_misc":{"Est. reading time":"1 minut\u00eb"},"schema":{"@context":"https:\/\/schema.org","@graph":[{"@type":"WebSite","@id":"https:\/\/qzhemn.al\/#website","url":"https:\/\/qzhemn.al\/","name":"QZHEMN","description":"Center for Economic Development &amp; International Relations","potentialAction":[{"@type":"SearchAction","target":{"@type":"EntryPoint","urlTemplate":"https:\/\/qzhemn.al\/?s={search_term_string}"},"query-input":"required name=search_term_string"}],"inLanguage":"sq"},{"@type":"WebPage","@id":"https:\/\/qzhemn.al\/closed\/#webpage","url":"https:\/\/qzhemn.al\/closed\/","name":"T\u00eb mbyllur - QZHEMN","isPartOf":{"@id":"https:\/\/qzhemn.al\/#website"},"datePublished":"2020-03-08T21:29:55+00:00","dateModified":"2020-03-24T17:13:58+00:00","breadcrumb":{"@id":"https:\/\/qzhemn.al\/closed\/#breadcrumb"},"inLanguage":"sq","potentialAction":[{"@type":"ReadAction","target":["https:\/\/qzhemn.al\/closed\/"]}]},{"@type":"BreadcrumbList","@id":"https:\/\/qzhemn.al\/closed\/#breadcrumb","itemListElement":[{"@type":"ListItem","position":1,"name":"Home","item":"https:\/\/qzhemn.al\/"},{"@type":"ListItem","position":2,"name":"Closed"}]}]}},"_links":{"self":[{"href":"https:\/\/qzhemn.al\/sq\/wp-json\/wp\/v2\/pages\/4530"}],"collection":[{"href":"https:\/\/qzhemn.al\/sq\/wp-json\/wp\/v2\/pages"}],"about":[{"href":"https:\/\/qzhemn.al\/sq\/wp-json\/wp\/v2\/types\/page"}],"author":[{"embeddable":true,"href":"https:\/\/qzhemn.al\/sq\/wp-json\/wp\/v2\/users\/1"}],"replies":[{"embeddable":true,"href":"https:\/\/qzhemn.al\/sq\/wp-json\/wp\/v2\/comments?post=4530"}],"version-history":[{"count":4,"href":"https:\/\/qzhemn.al\/sq\/wp-json\/wp\/v2\/pages\/4530\/revisions"}],"predecessor-version":[{"id":4590,"href":"https:\/\/qzhemn.al\/sq\/wp-json\/wp\/v2\/pages\/4530\/revisions\/4590"}],"wp:attachment":[{"href":"https:\/\/qzhemn.al\/sq\/wp-json\/wp\/v2\/media?parent=4530"}],"curies":[{"name":"wp","href":"https:\/\/api.w.org\/{rel}","templated":true}]}}