{"id":4395,"date":"2020-02-21T21:10:20","date_gmt":"2020-02-21T21:10:20","guid":{"rendered":"http:\/\/qzhemn.al\/?page_id=4395"},"modified":"2020-02-28T23:13:49","modified_gmt":"2020-02-28T23:13:49","slug":"membership-of-partner-associations","status":"publish","type":"page","link":"https:\/\/qzhemn.al\/sq\/membership-of-partner-associations\/","title":{"rendered":"An\u00ebtar\u00ebsia e Shoqatave Partnere"},"content":{"rendered":"<p class=\"qtranxs-available-languages-message qtranxs-available-languages-message-sq\">Kjo faqe nuk \u00ebsht\u00eb e disponueshme n\u00eb gjuh\u00ebn shqipe. <\/p>\n","protected":false},"excerpt":{"rendered":"<p>Kjo faqe nuk \u00ebsht\u00eb e disponueshme n\u00eb gjuh\u00ebn shqipe.<\/p>\n","protected":false},"author":1,"featured_media":0,"parent":0,"menu_order":0,"comment_status":"closed","ping_status":"closed","template":"","meta":{"footnotes":""},"yoast_head":"<!-- This site is optimized with the Yoast SEO plugin v17.9 - https:\/\/yoast.com\/wordpress\/plugins\/seo\/ -->\n<title>An\u00ebtar\u00ebsia e Shoqatave Partnere - QZHEMN<\/title>\n<meta name=\"robots\" content=\"index, follow, max-snippet:-1, max-image-preview:large, max-video-preview:-1\" \/>\n<link rel=\"canonical\" href=\"http:\/\/qzhemn.al\/sq\/membership-of-partner-associations\/\" \/>\n<meta property=\"og:locale\" content=\"sq_AL\" \/>\n<meta property=\"og:type\" content=\"article\" \/>\n<meta property=\"og:title\" content=\"An\u00ebtar\u00ebsia e Shoqatave Partnere - QZHEMN\" \/>\n<meta property=\"og:description\" content=\"Kjo faqe nuk \u00ebsht\u00eb e disponueshme n\u00eb gjuh\u00ebn shqipe.\" \/>\n<meta property=\"og:url\" content=\"http:\/\/qzhemn.al\/sq\/membership-of-partner-associations\/\" \/>\n<meta property=\"og:site_name\" content=\"QZHEMN\" \/>\n<meta property=\"article:modified_time\" content=\"2020-02-28T23:13:49+00:00\" \/>\n<meta name=\"twitter:card\" content=\"summary_large_image\" \/>\n<script type=\"application\/ld+json\" class=\"yoast-schema-graph\">{\"@context\":\"https:\/\/schema.org\",\"@graph\":[{\"@type\":\"WebSite\",\"@id\":\"https:\/\/qzhemn.al\/#website\",\"url\":\"https:\/\/qzhemn.al\/\",\"name\":\"QZHEMN\",\"description\":\"Center for Economic Development &amp; International Relations\",\"potentialAction\":[{\"@type\":\"SearchAction\",\"target\":{\"@type\":\"EntryPoint\",\"urlTemplate\":\"https:\/\/qzhemn.al\/?s={search_term_string}\"},\"query-input\":\"required name=search_term_string\"}],\"inLanguage\":\"sq\"},{\"@type\":\"WebPage\",\"@id\":\"http:\/\/qzhemn.al\/sq\/membership-of-partner-associations\/#webpage\",\"url\":\"http:\/\/qzhemn.al\/sq\/membership-of-partner-associations\/\",\"name\":\"An\\u00ebtar\\u00ebsia e Shoqatave Partnere - QZHEMN\",\"isPartOf\":{\"@id\":\"https:\/\/qzhemn.al\/#website\"},\"datePublished\":\"2020-02-21T21:10:20+00:00\",\"dateModified\":\"2020-02-28T23:13:49+00:00\",\"breadcrumb\":{\"@id\":\"http:\/\/qzhemn.al\/sq\/membership-of-partner-associations\/#breadcrumb\"},\"inLanguage\":\"sq\",\"potentialAction\":[{\"@type\":\"ReadAction\",\"target\":[\"http:\/\/qzhemn.al\/sq\/membership-of-partner-associations\/\"]}]},{\"@type\":\"BreadcrumbList\",\"@id\":\"http:\/\/qzhemn.al\/sq\/membership-of-partner-associations\/#breadcrumb\",\"itemListElement\":[{\"@type\":\"ListItem\",\"position\":1,\"name\":\"Home\",\"item\":\"https:\/\/qzhemn.al\/\"},{\"@type\":\"ListItem\",\"position\":2,\"name\":\"An\\u00ebtar\\u00ebsia e Shoqatave Partnere\"}]}]}<\/script>\n<!-- \/ Yoast SEO plugin. -->","yoast_head_json":{"title":"An\u00ebtar\u00ebsia e Shoqatave Partnere - QZHEMN","robots":{"index":"index","follow":"follow","max-snippet":"max-snippet:-1","max-image-preview":"max-image-preview:large","max-video-preview":"max-video-preview:-1"},"canonical":"http:\/\/qzhemn.al\/sq\/membership-of-partner-associations\/","og_locale":"sq_AL","og_type":"article","og_title":"An\u00ebtar\u00ebsia e Shoqatave Partnere - QZHEMN","og_description":"Kjo faqe nuk \u00ebsht\u00eb e disponueshme n\u00eb gjuh\u00ebn shqipe.","og_url":"http:\/\/qzhemn.al\/sq\/membership-of-partner-associations\/","og_site_name":"QZHEMN","article_modified_time":"2020-02-28T23:13:49+00:00","twitter_card":"summary_large_image","schema":{"@context":"https:\/\/schema.org","@graph":[{"@type":"WebSite","@id":"https:\/\/qzhemn.al\/#website","url":"https:\/\/qzhemn.al\/","name":"QZHEMN","description":"Center for Economic Development &amp; International Relations","potentialAction":[{"@type":"SearchAction","target":{"@type":"EntryPoint","urlTemplate":"https:\/\/qzhemn.al\/?s={search_term_string}"},"query-input":"required name=search_term_string"}],"inLanguage":"sq"},{"@type":"WebPage","@id":"http:\/\/qzhemn.al\/sq\/membership-of-partner-associations\/#webpage","url":"http:\/\/qzhemn.al\/sq\/membership-of-partner-associations\/","name":"An\u00ebtar\u00ebsia e Shoqatave Partnere - QZHEMN","isPartOf":{"@id":"https:\/\/qzhemn.al\/#website"},"datePublished":"2020-02-21T21:10:20+00:00","dateModified":"2020-02-28T23:13:49+00:00","breadcrumb":{"@id":"http:\/\/qzhemn.al\/sq\/membership-of-partner-associations\/#breadcrumb"},"inLanguage":"sq","potentialAction":[{"@type":"ReadAction","target":["http:\/\/qzhemn.al\/sq\/membership-of-partner-associations\/"]}]},{"@type":"BreadcrumbList","@id":"http:\/\/qzhemn.al\/sq\/membership-of-partner-associations\/#breadcrumb","itemListElement":[{"@type":"ListItem","position":1,"name":"Home","item":"https:\/\/qzhemn.al\/"},{"@type":"ListItem","position":2,"name":"An\u00ebtar\u00ebsia e Shoqatave Partnere"}]}]}},"_links":{"self":[{"href":"https:\/\/qzhemn.al\/sq\/wp-json\/wp\/v2\/pages\/4395"}],"collection":[{"href":"https:\/\/qzhemn.al\/sq\/wp-json\/wp\/v2\/pages"}],"about":[{"href":"https:\/\/qzhemn.al\/sq\/wp-json\/wp\/v2\/types\/page"}],"author":[{"embeddable":true,"href":"https:\/\/qzhemn.al\/sq\/wp-json\/wp\/v2\/users\/1"}],"replies":[{"embeddable":true,"href":"https:\/\/qzhemn.al\/sq\/wp-json\/wp\/v2\/comments?post=4395"}],"version-history":[{"count":3,"href":"https:\/\/qzhemn.al\/sq\/wp-json\/wp\/v2\/pages\/4395\/revisions"}],"predecessor-version":[{"id":4484,"href":"https:\/\/qzhemn.al\/sq\/wp-json\/wp\/v2\/pages\/4395\/revisions\/4484"}],"wp:attachment":[{"href":"https:\/\/qzhemn.al\/sq\/wp-json\/wp\/v2\/media?parent=4395"}],"curies":[{"name":"wp","href":"https:\/\/api.w.org\/{rel}","templated":true}]}}