{"id":4321,"date":"2020-01-28T21:40:17","date_gmt":"2020-01-28T21:40:17","guid":{"rendered":"http:\/\/qzhemn.al\/?page_id=4321"},"modified":"2020-03-24T16:39:04","modified_gmt":"2020-03-24T16:39:04","slug":"our-team-2","status":"publish","type":"page","link":"https:\/\/qzhemn.al\/sq\/our-team-2\/","title":{"rendered":"Skuadra jon\u00eb"},"content":{"rendered":"<p>[vc_row][vc_column][vc_column_text]<\/p>\n<h3 style=\"text-align: left;\"><span style=\"color: #000000;\">Struktura e menaxhimit dhe stafi<\/span><\/h3>\n<p style=\"text-align: left;\"><span style=\"color: #000000;\">1. Bordi i drejtor\u00ebve<\/span><br \/>\n<span style=\"color: #000000;\">Bordi i Drejtor\u00ebve \u00ebsht\u00eb organi m\u00eb i lart\u00eb vendimmarr\u00ebs i Qendr\u00ebs<\/span><br \/>\n<span style=\"color: #000000;\">2. Drejtori Ekzekutiv<\/span><br \/>\n<span style=\"color: #000000;\">Drejtori Ekzekutiv \u00ebsht\u00eb organi m\u00eb i lart\u00eb ekzekutiv i Qendr\u00ebs<\/span><\/p>\n<hr \/>\n<p>[\/vc_column_text][\/vc_column][\/vc_row][vc_row][vc_column width=&#8221;1\/2&#8243;][vc_column_text]<\/p>\n<h4 style=\"text-align: left;\"><span style=\"color: #000000;\">P\u00ebrb\u00ebrja e stafit me koh\u00eb t\u00eb plot\u00eb<\/span><\/h4>\n<p><span style=\"color: #000000;\">Niveli i stafit t\u00eb QZHEMN aktualisht \u00ebsht\u00eb i ul\u00ebt dhe fleksib\u00ebl. Aktualisht, ka kat\u00ebr persona t\u00eb pun\u00ebsuar dhe q\u00eb punojn\u00eb me koh\u00eb t\u00eb plot\u00eb si m\u00eb posht\u00eb: Drejtori Ekzekutiv, Drejtori i Programit, oficeri i Financave dhe Administrator i Teknologjis\u00eb s\u00eb Informacionit.<\/span><\/p>\n<p><span style=\"color: #000000;\">QZHEMN \u00ebsht\u00eb i p\u00ebrgatitur t\u00eb pun\u00ebsoj\u00eb kandidat\u00eb t\u00eb p\u00ebrshtatsh\u00ebm hap pas hapi s\u00eb bashku me rritjen e ngarkes\u00ebs s\u00eb pun\u00ebs<\/span>[\/vc_column_text][\/vc_column][vc_column width=&#8221;1\/2&#8243;][vc_column_text]<\/p>\n<h4 style=\"text-align: left;\"><span style=\"color: #000000;\">Stafi i asociuar, stafi me koh\u00eb t\u00eb pjesshme dhe konsulent\u00ebt<\/span><\/h4>\n<p style=\"text-align: left;\"><span style=\"color: #000000;\">P\u00ebrve\u00e7 stafit me koh\u00eb t\u00eb plot\u00eb, CEDIR p\u00ebrpiqet t\u00eb identifikoj\u00eb dhe t\u00ebrheq profesionist\u00eb n\u00eb baza ad hoc. Midis bashk\u00ebpun\u00ebtor\u00ebve t\u00eb tij m\u00eb t\u00eb af\u00ebrt CEDIR num\u00ebron t\u00eb pakt\u00ebn 10 profesionist\u00eb, q\u00eb vijn\u00eb kryesisht nga zyrat e administrat\u00ebs publike, universitetet dhe organizatat e shoq\u00ebris\u00eb civile n\u00eb Shqip\u00ebri.<\/span><\/p>\n<p>[\/vc_column_text][\/vc_column][\/vc_row]<\/p>\n","protected":false},"excerpt":{"rendered":"<p>[vc_row][vc_column][vc_column_text] Struktura e menaxhimit dhe stafi 1. Bordi i drejtor\u00ebve Bordi i Drejtor\u00ebve \u00ebsht\u00eb organi m\u00eb i lart\u00eb vendimmarr\u00ebs i Qendr\u00ebs 2. Drejtori Ekzekutiv Drejtori Ekzekutiv \u00ebsht\u00eb organi m\u00eb i lart\u00eb ekzekutiv i Qendr\u00ebs [\/vc_column_text][\/vc_column][\/vc_row][vc_row][vc_column width=&#8221;1\/2&#8243;][vc_column_text] P\u00ebrb\u00ebrja e stafit me koh\u00eb t\u00eb plot\u00eb Niveli i stafit t\u00eb QZHEMN aktualisht \u00ebsht\u00eb i ul\u00ebt dhe fleksib\u00ebl. Aktualisht, ka kat\u00ebr persona t\u00eb pun\u00ebsuar dhe q\u00eb punojn\u00eb me koh\u00eb t\u00eb plot\u00eb si m\u00eb posht\u00eb: Drejtori Ekzekutiv, Drejtori i Programit, oficeri i Financave dhe Administrator i Teknologjis\u00eb s\u00eb Informacionit. [&hellip;]<\/p>\n","protected":false},"author":1,"featured_media":0,"parent":0,"menu_order":0,"comment_status":"closed","ping_status":"closed","template":"","meta":{"footnotes":""},"yoast_head":"<!-- This site is optimized with the Yoast SEO plugin v17.9 - https:\/\/yoast.com\/wordpress\/plugins\/seo\/ -->\n<title>Skuadra jon\u00eb - QZHEMN<\/title>\n<meta name=\"robots\" content=\"index, follow, max-snippet:-1, max-image-preview:large, max-video-preview:-1\" \/>\n<link rel=\"canonical\" href=\"https:\/\/qzhemn.al\/our-team-2\/\" \/>\n<meta property=\"og:locale\" content=\"sq_AL\" \/>\n<meta property=\"og:type\" content=\"article\" \/>\n<meta property=\"og:title\" content=\"Skuadra jon\u00eb - QZHEMN\" \/>\n<meta property=\"og:description\" content=\"[vc_row][vc_column][vc_column_text] Struktura e menaxhimit dhe stafi 1. Bordi i drejtor\u00ebve Bordi i Drejtor\u00ebve \u00ebsht\u00eb organi m\u00eb i lart\u00eb vendimmarr\u00ebs i Qendr\u00ebs 2. Drejtori Ekzekutiv Drejtori Ekzekutiv \u00ebsht\u00eb organi m\u00eb i lart\u00eb ekzekutiv i Qendr\u00ebs [\/vc_column_text][\/vc_column][\/vc_row][vc_row][vc_column width=&#8221;1\/2&#8243;][vc_column_text] P\u00ebrb\u00ebrja e stafit me koh\u00eb t\u00eb plot\u00eb Niveli i stafit t\u00eb QZHEMN aktualisht \u00ebsht\u00eb i ul\u00ebt dhe fleksib\u00ebl. Aktualisht, ka kat\u00ebr persona t\u00eb pun\u00ebsuar dhe q\u00eb punojn\u00eb me koh\u00eb t\u00eb plot\u00eb si m\u00eb posht\u00eb: Drejtori Ekzekutiv, Drejtori i Programit, oficeri i Financave dhe Administrator i Teknologjis\u00eb s\u00eb Informacionit. [&hellip;]\" \/>\n<meta property=\"og:url\" content=\"https:\/\/qzhemn.al\/our-team-2\/\" \/>\n<meta property=\"og:site_name\" content=\"QZHEMN\" \/>\n<meta property=\"article:modified_time\" content=\"2020-03-24T16:39:04+00:00\" \/>\n<meta name=\"twitter:card\" content=\"summary_large_image\" \/>\n<meta name=\"twitter:label1\" content=\"Est. reading time\" \/>\n\t<meta name=\"twitter:data1\" content=\"1 minut\u00eb\" \/>\n<script type=\"application\/ld+json\" class=\"yoast-schema-graph\">{\"@context\":\"https:\/\/schema.org\",\"@graph\":[{\"@type\":\"WebSite\",\"@id\":\"https:\/\/qzhemn.al\/#website\",\"url\":\"https:\/\/qzhemn.al\/\",\"name\":\"QZHEMN\",\"description\":\"Center for Economic Development &amp; International Relations\",\"potentialAction\":[{\"@type\":\"SearchAction\",\"target\":{\"@type\":\"EntryPoint\",\"urlTemplate\":\"https:\/\/qzhemn.al\/?s={search_term_string}\"},\"query-input\":\"required name=search_term_string\"}],\"inLanguage\":\"sq\"},{\"@type\":\"WebPage\",\"@id\":\"https:\/\/qzhemn.al\/our-team-2\/#webpage\",\"url\":\"https:\/\/qzhemn.al\/our-team-2\/\",\"name\":\"Skuadra jon\\u00eb - QZHEMN\",\"isPartOf\":{\"@id\":\"https:\/\/qzhemn.al\/#website\"},\"datePublished\":\"2020-01-28T21:40:17+00:00\",\"dateModified\":\"2020-03-24T16:39:04+00:00\",\"breadcrumb\":{\"@id\":\"https:\/\/qzhemn.al\/our-team-2\/#breadcrumb\"},\"inLanguage\":\"sq\",\"potentialAction\":[{\"@type\":\"ReadAction\",\"target\":[\"https:\/\/qzhemn.al\/our-team-2\/\"]}]},{\"@type\":\"BreadcrumbList\",\"@id\":\"https:\/\/qzhemn.al\/our-team-2\/#breadcrumb\",\"itemListElement\":[{\"@type\":\"ListItem\",\"position\":1,\"name\":\"Home\",\"item\":\"https:\/\/qzhemn.al\/\"},{\"@type\":\"ListItem\",\"position\":2,\"name\":\"Our Team\"}]}]}<\/script>\n<!-- \/ Yoast SEO plugin. -->","yoast_head_json":{"title":"Skuadra jon\u00eb - QZHEMN","robots":{"index":"index","follow":"follow","max-snippet":"max-snippet:-1","max-image-preview":"max-image-preview:large","max-video-preview":"max-video-preview:-1"},"canonical":"https:\/\/qzhemn.al\/our-team-2\/","og_locale":"sq_AL","og_type":"article","og_title":"Skuadra jon\u00eb - QZHEMN","og_description":"[vc_row][vc_column][vc_column_text] Struktura e menaxhimit dhe stafi 1. Bordi i drejtor\u00ebve Bordi i Drejtor\u00ebve \u00ebsht\u00eb organi m\u00eb i lart\u00eb vendimmarr\u00ebs i Qendr\u00ebs 2. Drejtori Ekzekutiv Drejtori Ekzekutiv \u00ebsht\u00eb organi m\u00eb i lart\u00eb ekzekutiv i Qendr\u00ebs [\/vc_column_text][\/vc_column][\/vc_row][vc_row][vc_column width=&#8221;1\/2&#8243;][vc_column_text] P\u00ebrb\u00ebrja e stafit me koh\u00eb t\u00eb plot\u00eb Niveli i stafit t\u00eb QZHEMN aktualisht \u00ebsht\u00eb i ul\u00ebt dhe fleksib\u00ebl. Aktualisht, ka kat\u00ebr persona t\u00eb pun\u00ebsuar dhe q\u00eb punojn\u00eb me koh\u00eb t\u00eb plot\u00eb si m\u00eb posht\u00eb: Drejtori Ekzekutiv, Drejtori i Programit, oficeri i Financave dhe Administrator i Teknologjis\u00eb s\u00eb Informacionit. [&hellip;]","og_url":"https:\/\/qzhemn.al\/our-team-2\/","og_site_name":"QZHEMN","article_modified_time":"2020-03-24T16:39:04+00:00","twitter_card":"summary_large_image","twitter_misc":{"Est. reading time":"1 minut\u00eb"},"schema":{"@context":"https:\/\/schema.org","@graph":[{"@type":"WebSite","@id":"https:\/\/qzhemn.al\/#website","url":"https:\/\/qzhemn.al\/","name":"QZHEMN","description":"Center for Economic Development &amp; International Relations","potentialAction":[{"@type":"SearchAction","target":{"@type":"EntryPoint","urlTemplate":"https:\/\/qzhemn.al\/?s={search_term_string}"},"query-input":"required name=search_term_string"}],"inLanguage":"sq"},{"@type":"WebPage","@id":"https:\/\/qzhemn.al\/our-team-2\/#webpage","url":"https:\/\/qzhemn.al\/our-team-2\/","name":"Skuadra jon\u00eb - QZHEMN","isPartOf":{"@id":"https:\/\/qzhemn.al\/#website"},"datePublished":"2020-01-28T21:40:17+00:00","dateModified":"2020-03-24T16:39:04+00:00","breadcrumb":{"@id":"https:\/\/qzhemn.al\/our-team-2\/#breadcrumb"},"inLanguage":"sq","potentialAction":[{"@type":"ReadAction","target":["https:\/\/qzhemn.al\/our-team-2\/"]}]},{"@type":"BreadcrumbList","@id":"https:\/\/qzhemn.al\/our-team-2\/#breadcrumb","itemListElement":[{"@type":"ListItem","position":1,"name":"Home","item":"https:\/\/qzhemn.al\/"},{"@type":"ListItem","position":2,"name":"Our Team"}]}]}},"_links":{"self":[{"href":"https:\/\/qzhemn.al\/sq\/wp-json\/wp\/v2\/pages\/4321"}],"collection":[{"href":"https:\/\/qzhemn.al\/sq\/wp-json\/wp\/v2\/pages"}],"about":[{"href":"https:\/\/qzhemn.al\/sq\/wp-json\/wp\/v2\/types\/page"}],"author":[{"embeddable":true,"href":"https:\/\/qzhemn.al\/sq\/wp-json\/wp\/v2\/users\/1"}],"replies":[{"embeddable":true,"href":"https:\/\/qzhemn.al\/sq\/wp-json\/wp\/v2\/comments?post=4321"}],"version-history":[{"count":7,"href":"https:\/\/qzhemn.al\/sq\/wp-json\/wp\/v2\/pages\/4321\/revisions"}],"predecessor-version":[{"id":4716,"href":"https:\/\/qzhemn.al\/sq\/wp-json\/wp\/v2\/pages\/4321\/revisions\/4716"}],"wp:attachment":[{"href":"https:\/\/qzhemn.al\/sq\/wp-json\/wp\/v2\/media?parent=4321"}],"curies":[{"name":"wp","href":"https:\/\/api.w.org\/{rel}","templated":true}]}}